{"id":116,"date":"2025-08-12T16:29:11","date_gmt":"2025-08-12T19:29:11","guid":{"rendered":"https:\/\/project-cactus.pushinpay.com.br\/?page_id=116"},"modified":"2025-10-09T19:39:45","modified_gmt":"2025-10-09T22:39:45","slug":"obrigado-pelo-pagamento","status":"publish","type":"page","link":"https:\/\/project-cactus.pushinpay.com.br\/?page_id=116","title":{"rendered":"Obrigado pelo pagamento"},"content":{"rendered":"\n<p>P\u00e1gina de confirma\u00e7\u00e3o de pagamento <\/p>\n","protected":false},"excerpt":{"rendered":"<p>P\u00e1gina de confirma\u00e7\u00e3o de pagamento<\/p>\n","protected":false},"author":3,"featured_media":0,"parent":0,"menu_order":0,"comment_status":"closed","ping_status":"closed","template":"","meta":{"footnotes":""},"class_list":["post-116","page","type-page","status-publish","hentry"],"_links":{"self":[{"href":"https:\/\/project-cactus.pushinpay.com.br\/index.php?rest_route=\/wp\/v2\/pages\/116","targetHints":{"allow":["GET"]}}],"collection":[{"href":"https:\/\/project-cactus.pushinpay.com.br\/index.php?rest_route=\/wp\/v2\/pages"}],"about":[{"href":"https:\/\/project-cactus.pushinpay.com.br\/index.php?rest_route=\/wp\/v2\/types\/page"}],"author":[{"embeddable":true,"href":"https:\/\/project-cactus.pushinpay.com.br\/index.php?rest_route=\/wp\/v2\/users\/3"}],"replies":[{"embeddable":true,"href":"https:\/\/project-cactus.pushinpay.com.br\/index.php?rest_route=%2Fwp%2Fv2%2Fcomments&post=116"}],"version-history":[{"count":2,"href":"https:\/\/project-cactus.pushinpay.com.br\/index.php?rest_route=\/wp\/v2\/pages\/116\/revisions"}],"predecessor-version":[{"id":240,"href":"https:\/\/project-cactus.pushinpay.com.br\/index.php?rest_route=\/wp\/v2\/pages\/116\/revisions\/240"}],"wp:attachment":[{"href":"https:\/\/project-cactus.pushinpay.com.br\/index.php?rest_route=%2Fwp%2Fv2%2Fmedia&parent=116"}],"curies":[{"name":"wp","href":"https:\/\/api.w.org\/{rel}","templated":true}]}}